{"id":365,"date":"2025-03-29T13:47:47","date_gmt":"2025-03-29T10:47:47","guid":{"rendered":"https:\/\/antalyaturkocagi.com\/public_html\/?page_id=365"},"modified":"2025-03-29T14:00:09","modified_gmt":"2025-03-29T11:00:09","slug":"matematik-turnuvasi","status":"publish","type":"page","link":"https:\/\/antalyaturkocagi.com\/public_html\/matematik-turnuvasi\/","title":{"rendered":"MATEMAT\u0130K TURNUVASI"},"content":{"rendered":"<p><img loading=\"lazy\" decoding=\"async\" class=\"wp-image-355 alignright\" src=\"https:\/\/antalyaturkocagi.com\/public_html\/wp-content\/uploads\/2025\/03\/3-300x268.png\" alt=\"\" width=\"196\" height=\"175\" srcset=\"https:\/\/antalyaturkocagi.com\/public_html\/wp-content\/uploads\/2025\/03\/3-300x268.png 300w, https:\/\/antalyaturkocagi.com\/public_html\/wp-content\/uploads\/2025\/03\/3.png 340w\" sizes=\"auto, (max-width: 196px) 100vw, 196px\" \/><img loading=\"lazy\" decoding=\"async\" class=\"wp-image-353 alignleft\" src=\"https:\/\/antalyaturkocagi.com\/public_html\/wp-content\/uploads\/2025\/03\/1-300x283.png\" alt=\"\" width=\"151\" height=\"142\" srcset=\"https:\/\/antalyaturkocagi.com\/public_html\/wp-content\/uploads\/2025\/03\/1-300x283.png 300w, https:\/\/antalyaturkocagi.com\/public_html\/wp-content\/uploads\/2025\/03\/1.png 322w\" sizes=\"auto, (max-width: 151px) 100vw, 151px\" \/><\/p>\n<p>&nbsp;<\/p>\n<p>&nbsp;<\/p>\n<p>&nbsp;<\/p>\n<p>&nbsp;<\/p>\n<p>&nbsp;<\/p>\n<p>T\u00fcrkiye Cumhuriyeti Antalya ilinde 6-12 ya\u015f aras\u0131 (1-6. S\u0131n\u0131flar) \u00e7ocuklara y\u00f6nelik d\u00fczenlenen IV. Uluslararas\u0131 LUX ALTAIS- AYDIN ALTAY Matematik Turnuvas\u0131 D\u00fczenleme Komitesi, Ardak Tursinbekovna Malaeva\u2019y\u0131 Ba\u011f\u0131ms\u0131z Devletler Toplulu\u011fu Cumhuriyetleri olan Kazakistan, K\u0131rg\u0131zistan, \u00d6zbekistan, Azerbaycan, T\u00fcrkmenistan, Tacikistan, Rusya, Belarus ve Moldova\u2019da Genel Temsilci olarak atad\u0131 ve Uluslararas\u0131 LUX ALTAIS-AYDIN ALTAY Matematik Turnuvas\u0131n\u0131n b\u00f6lgesel ve final turlar\u0131n\u0131n ba\u015far\u0131l\u0131 bir \u015fekilde d\u00fczenlenmesi i\u00e7in Genel Temsilciye gerekli t\u00fcm hak ve yetkileri verdi.<\/p>\n<p>&nbsp;<\/p>\n<p>Uluslararas\u0131 Organizasyon Komite Ba\u015fkan\u0131<\/p>\n<p>Matematik Turnuvas\u0131 LUX ALTAIS-AYDIN ALTAY<\/p>\n<p>Abdullah UYSAL<\/p>\n","protected":false},"excerpt":{"rendered":"<p>&nbsp; &nbsp; &nbsp; &nbsp; &nbsp; T\u00fcrkiye Cumhuriyeti Antalya ilinde 6-12 ya\u015f aras\u0131 (1-6. S\u0131n\u0131flar) \u00e7ocuklara y\u00f6nelik d\u00fczenlenen IV. Uluslararas\u0131 LUX ALTAIS- AYDIN ALTAY Matematik Turnuvas\u0131 D\u00fczenleme Komitesi, Ardak Tursinbekovna Malaeva\u2019y\u0131 Ba\u011f\u0131ms\u0131z Devletler Toplulu\u011fu Cumhuriyetleri olan Kazakistan, K\u0131rg\u0131zistan, \u00d6zbekistan, Azerbaycan, T\u00fcrkmenistan, Tacikistan, Rusya, Belarus ve Moldova\u2019da Genel Temsilci olarak atad\u0131 ve Uluslararas\u0131 LUX ALTAIS-AYDIN ALTAY Matematik [&hellip;]<\/p>\n","protected":false},"author":1,"featured_media":0,"parent":0,"menu_order":0,"comment_status":"closed","ping_status":"closed","template":"","meta":{"footnotes":""},"class_list":["post-365","page","type-page","status-publish","hentry"],"_links":{"self":[{"href":"https:\/\/antalyaturkocagi.com\/public_html\/wp-json\/wp\/v2\/pages\/365","targetHints":{"allow":["GET"]}}],"collection":[{"href":"https:\/\/antalyaturkocagi.com\/public_html\/wp-json\/wp\/v2\/pages"}],"about":[{"href":"https:\/\/antalyaturkocagi.com\/public_html\/wp-json\/wp\/v2\/types\/page"}],"author":[{"embeddable":true,"href":"https:\/\/antalyaturkocagi.com\/public_html\/wp-json\/wp\/v2\/users\/1"}],"replies":[{"embeddable":true,"href":"https:\/\/antalyaturkocagi.com\/public_html\/wp-json\/wp\/v2\/comments?post=365"}],"version-history":[{"count":2,"href":"https:\/\/antalyaturkocagi.com\/public_html\/wp-json\/wp\/v2\/pages\/365\/revisions"}],"predecessor-version":[{"id":379,"href":"https:\/\/antalyaturkocagi.com\/public_html\/wp-json\/wp\/v2\/pages\/365\/revisions\/379"}],"wp:attachment":[{"href":"https:\/\/antalyaturkocagi.com\/public_html\/wp-json\/wp\/v2\/media?parent=365"}],"curies":[{"name":"wp","href":"https:\/\/api.w.org\/{rel}","templated":true}]}}