{"id":2,"date":"2023-06-16T12:55:06","date_gmt":"2023-06-16T12:55:06","guid":{"rendered":"https:\/\/antalyaturkocagi.com\/public_html\/?page_id=2"},"modified":"2023-09-18T19:33:16","modified_gmt":"2023-09-18T16:33:16","slug":"iletisim","status":"publish","type":"page","link":"https:\/\/antalyaturkocagi.com\/public_html\/iletisim\/","title":{"rendered":"\u0130LET\u0130\u015e\u0130M"},"content":{"rendered":"<p><img loading=\"lazy\" decoding=\"async\" class=\"size-full wp-image-109 alignright\" src=\"https:\/\/antalyaturkocagi.com\/public_html\/wp-content\/uploads\/2023\/09\/IMG_5565.jpeg\" alt=\"\" width=\"828\" height=\"648\" srcset=\"https:\/\/antalyaturkocagi.com\/public_html\/wp-content\/uploads\/2023\/09\/IMG_5565.jpeg 828w, https:\/\/antalyaturkocagi.com\/public_html\/wp-content\/uploads\/2023\/09\/IMG_5565-300x235.jpeg 300w, https:\/\/antalyaturkocagi.com\/public_html\/wp-content\/uploads\/2023\/09\/IMG_5565-768x601.jpeg 768w\" sizes=\"auto, (max-width: 828px) 100vw, 828px\" \/><img loading=\"lazy\" decoding=\"async\" class=\"alignnone size-medium wp-image-91\" src=\"https:\/\/antalyaturkocagi.com\/public_html\/wp-content\/uploads\/2023\/09\/cropped-IMG_5559-300x300.jpeg\" alt=\"\" width=\"300\" height=\"300\" srcset=\"https:\/\/antalyaturkocagi.com\/public_html\/wp-content\/uploads\/2023\/09\/cropped-IMG_5559-300x300.jpeg 300w, https:\/\/antalyaturkocagi.com\/public_html\/wp-content\/uploads\/2023\/09\/cropped-IMG_5559-1024x1024.jpeg 1024w, https:\/\/antalyaturkocagi.com\/public_html\/wp-content\/uploads\/2023\/09\/cropped-IMG_5559-150x150.jpeg 150w, https:\/\/antalyaturkocagi.com\/public_html\/wp-content\/uploads\/2023\/09\/cropped-IMG_5559-768x768.jpeg 768w, https:\/\/antalyaturkocagi.com\/public_html\/wp-content\/uploads\/2023\/09\/cropped-IMG_5559-1536x1536.jpeg 1536w, https:\/\/antalyaturkocagi.com\/public_html\/wp-content\/uploads\/2023\/09\/cropped-IMG_5559-2048x2048.jpeg 2048w\" sizes=\"auto, (max-width: 300px) 100vw, 300px\" \/><\/p>\n","protected":false},"excerpt":{"rendered":"","protected":false},"author":1,"featured_media":0,"parent":0,"menu_order":0,"comment_status":"closed","ping_status":"open","template":"","meta":{"footnotes":""},"class_list":["post-2","page","type-page","status-publish","hentry"],"_links":{"self":[{"href":"https:\/\/antalyaturkocagi.com\/public_html\/wp-json\/wp\/v2\/pages\/2","targetHints":{"allow":["GET"]}}],"collection":[{"href":"https:\/\/antalyaturkocagi.com\/public_html\/wp-json\/wp\/v2\/pages"}],"about":[{"href":"https:\/\/antalyaturkocagi.com\/public_html\/wp-json\/wp\/v2\/types\/page"}],"author":[{"embeddable":true,"href":"https:\/\/antalyaturkocagi.com\/public_html\/wp-json\/wp\/v2\/users\/1"}],"replies":[{"embeddable":true,"href":"https:\/\/antalyaturkocagi.com\/public_html\/wp-json\/wp\/v2\/comments?post=2"}],"version-history":[{"count":6,"href":"https:\/\/antalyaturkocagi.com\/public_html\/wp-json\/wp\/v2\/pages\/2\/revisions"}],"predecessor-version":[{"id":112,"href":"https:\/\/antalyaturkocagi.com\/public_html\/wp-json\/wp\/v2\/pages\/2\/revisions\/112"}],"wp:attachment":[{"href":"https:\/\/antalyaturkocagi.com\/public_html\/wp-json\/wp\/v2\/media?parent=2"}],"curies":[{"name":"wp","href":"https:\/\/api.w.org\/{rel}","templated":true}]}}